{"id":32,"date":"2014-08-22T16:21:49","date_gmt":"2014-08-22T16:21:49","guid":{"rendered":"http:\/\/bumha.vn\/?page_id=32"},"modified":"2024-10-03T13:38:11","modified_gmt":"2024-10-03T06:38:11","slug":"dich-vu","status":"publish","type":"page","link":"http:\/\/ctythuyloibentre.com\/?page_id=32","title":{"rendered":"D\u1ecbch v\u1ee5"},"content":{"rendered":"<h3><b>Ch\u1ee9c n\u0103ng, nhi\u1ec7m v\u1ee5, ng\u00e0nh ngh\u1ec1 kinh doanh <\/b><\/h3>\n<p>&#8211; Qu\u1ea3n l\u00fd khai th\u00e1c, c\u1ea3i t\u1ea1o, s\u1eeda ch\u1eefa n\u00e2ng c\u1ea5p c\u00e1c h\u1ec7 th\u1ed1ng c\u00f4ng tr\u00ecnh th\u1ee7y l\u1ee3i trong t\u1ec9nh, t\u1ed5 ch\u1ee9c th\u1ef1c hi\u1ec7n c\u00e1c ch\u1ec9 ti\u00eau k\u1ebf ho\u1ea1ch do \u0111\u1ea1i di\u1ec7n Ch\u1ee7 s\u1edf h\u1eefu C\u00f4ng ty ph\u00e2n giao h\u00e0ng n\u0103m \u0111\u1ea3m b\u1ea3o y\u00eau c\u1ea7u ph\u1ee5c v\u1ee5 s\u1ea3n xu\u1ea5t n\u00f4ng nghi\u1ec7p, c\u00f4ng nghi\u1ec7p, ti\u1ec3u th\u1ee7 c\u00f4ng nghi\u1ec7p, trang tr\u1ea1i, nu\u00f4i tr\u1ed3ng th\u1ee7y s\u1ea3n v\u00e0 d\u00e2n sinh kinh t\u1ebf.<\/p>\n<p>&#8211; L\u1eadp d\u1ef1 \u00e1n \u0111\u1ea7u t\u01b0, t\u01b0 v\u1ea5n thi\u1ebft k\u1ebf c\u00e1c c\u00f4ng tr\u00ecnh th\u1ee7y l\u1ee3i v\u00e0 x\u00e2y d\u1ef1ng nh\u00f3m B,C. T\u01b0 v\u1ea5n gi\u00e1m s\u00e1t c\u00f4ng tr\u00ecnh th\u1ee7y l\u1ee3i v\u00e0 x\u00e2y d\u1ef1ng d\u00e2n d\u1ee5ng nh\u00f3m B,C, c\u00f4ng tr\u00ecnh giao th\u00f4ng n\u00f4ng th\u00f4n nh\u00f3m C.<\/p>\n<h3><strong>C\u00e1c c\u00f4ng tr\u00ecnh c\u1ed1ng l\u1edbn C\u00f4ng ty qu\u1ea3n l\u00fd:<\/strong><\/h3>\n<p><a href=\"http:\/\/ctythuyloibentre.com\/?attachment_id=64\" rel=\"attachment wp-att-64\"><img loading=\"lazy\" decoding=\"async\" class=\"size-full wp-image-64\" alt=\"Ba lai 3\" src=\"http:\/\/ctythuyloibentre.com\/wp-content\/uploads\/2014\/08\/balai3.jpg\" width=\"778\" height=\"466\" srcset=\"http:\/\/ctythuyloibentre.com\/wp-content\/uploads\/2014\/08\/balai3.jpg 778w, http:\/\/ctythuyloibentre.com\/wp-content\/uploads\/2014\/08\/balai3-300x179.jpg 300w\" sizes=\"auto, (max-width: 778px) 100vw, 778px\" \/><\/a><\/p>\n<p>C\u1ed1ng Ba Lai<\/p>\n<p style=\"text-align: justify;\"><a href=\"http:\/\/ctythuyloibentre.com\/wp-content\/uploads\/2018\/05\/cong-dinh-trung-e1526356861177.jpg\"><img loading=\"lazy\" decoding=\"async\" class=\"size-full wp-image-2467\" alt=\"cong dinh trung\" src=\"http:\/\/ctythuyloibentre.com\/wp-content\/uploads\/2018\/05\/cong-dinh-trung-e1526356861177.jpg\" width=\"300\" height=\"225\" \/><\/a><\/p>\n<p>&nbsp;<\/p>\n<p>C\u1ed1ng \u0110\u1ecbnh Trung<\/p>\n<p style=\"text-align: justify;\"><a href=\"http:\/\/ctythuyloibentre.com\/wp-content\/uploads\/2018\/05\/cong-son-doc-2-e1526356808695.jpg\"><img loading=\"lazy\" decoding=\"async\" class=\"size-full wp-image-2468\" alt=\"cong son doc 2\" src=\"http:\/\/ctythuyloibentre.com\/wp-content\/uploads\/2018\/05\/cong-son-doc-2-e1526356808695.jpg\" width=\"300\" height=\"169\" \/><\/a><\/p>\n<p style=\"text-align: justify;\">C\u1ed1ng S\u01a1n \u0110\u1ed1c 2<\/p>\n\n\n\n\n\n\n<p><\/p>\n","protected":false},"excerpt":{"rendered":"<p>Ch\u1ee9c n\u0103ng, nhi\u1ec7m v\u1ee5, ng\u00e0nh ngh\u1ec1 kinh doanh &#8211; Qu\u1ea3n l\u00fd khai th\u00e1c, c\u1ea3i t\u1ea1o, s\u1eeda ch\u1eefa n\u00e2ng c\u1ea5p c\u00e1c [&hellip;]<\/p>\n","protected":false},"author":1,"featured_media":0,"parent":0,"menu_order":0,"comment_status":"open","ping_status":"closed","template":"","meta":{"site-sidebar-layout":"default","site-content-layout":"","ast-site-content-layout":"default","site-content-style":"default","site-sidebar-style":"default","ast-global-header-display":"","ast-banner-title-visibility":"","ast-main-header-display":"","ast-hfb-above-header-display":"","ast-hfb-below-header-display":"","ast-hfb-mobile-header-display":"","site-post-title":"","ast-breadcrumbs-content":"","ast-featured-img":"","footer-sml-layout":"","ast-disable-related-posts":"","theme-transparent-header-meta":"","adv-header-id-meta":"","stick-header-meta":"","header-above-stick-meta":"","header-main-stick-meta":"","header-below-stick-meta":"","astra-migrate-meta-layouts":"default","ast-page-background-enabled":"default","ast-page-background-meta":{"desktop":{"background-color":"var(--ast-global-color-4)","background-image":"","background-repeat":"repeat","background-position":"center center","background-size":"auto","background-attachment":"scroll","background-type":"","background-media":"","overlay-type":"","overlay-color":"","overlay-opacity":"","overlay-gradient":""},"tablet":{"background-color":"","background-image":"","background-repeat":"repeat","background-position":"center center","background-size":"auto","background-attachment":"scroll","background-type":"","background-media":"","overlay-type":"","overlay-color":"","overlay-opacity":"","overlay-gradient":""},"mobile":{"background-color":"","background-image":"","background-repeat":"repeat","background-position":"center center","background-size":"auto","background-attachment":"scroll","background-type":"","background-media":"","overlay-type":"","overlay-color":"","overlay-opacity":"","overlay-gradient":""}},"ast-content-background-meta":{"desktop":{"background-color":"var(--ast-global-color-5)","background-image":"","background-repeat":"repeat","background-position":"center center","background-size":"auto","background-attachment":"scroll","background-type":"","background-media":"","overlay-type":"","overlay-color":"","overlay-opacity":"","overlay-gradient":""},"tablet":{"background-color":"var(--ast-global-color-5)","background-image":"","background-repeat":"repeat","background-position":"center center","background-size":"auto","background-attachment":"scroll","background-type":"","background-media":"","overlay-type":"","overlay-color":"","overlay-opacity":"","overlay-gradient":""},"mobile":{"background-color":"var(--ast-global-color-5)","background-image":"","background-repeat":"repeat","background-position":"center center","background-size":"auto","background-attachment":"scroll","background-type":"","background-media":"","overlay-type":"","overlay-color":"","overlay-opacity":"","overlay-gradient":""}},"footnotes":""},"class_list":["post-32","page","type-page","status-publish","hentry"],"_links":{"self":[{"href":"http:\/\/ctythuyloibentre.com\/index.php?rest_route=\/wp\/v2\/pages\/32","targetHints":{"allow":["GET"]}}],"collection":[{"href":"http:\/\/ctythuyloibentre.com\/index.php?rest_route=\/wp\/v2\/pages"}],"about":[{"href":"http:\/\/ctythuyloibentre.com\/index.php?rest_route=\/wp\/v2\/types\/page"}],"author":[{"embeddable":true,"href":"http:\/\/ctythuyloibentre.com\/index.php?rest_route=\/wp\/v2\/users\/1"}],"replies":[{"embeddable":true,"href":"http:\/\/ctythuyloibentre.com\/index.php?rest_route=%2Fwp%2Fv2%2Fcomments&post=32"}],"version-history":[{"count":15,"href":"http:\/\/ctythuyloibentre.com\/index.php?rest_route=\/wp\/v2\/pages\/32\/revisions"}],"predecessor-version":[{"id":3299,"href":"http:\/\/ctythuyloibentre.com\/index.php?rest_route=\/wp\/v2\/pages\/32\/revisions\/3299"}],"wp:attachment":[{"href":"http:\/\/ctythuyloibentre.com\/index.php?rest_route=%2Fwp%2Fv2%2Fmedia&parent=32"}],"curies":[{"name":"wp","href":"https:\/\/api.w.org\/{rel}","templated":true}]}}