{"id":261,"date":"2014-09-10T03:35:00","date_gmt":"2014-09-10T03:35:00","guid":{"rendered":"http:\/\/bumha.vn\/?page_id=261"},"modified":"2026-03-26T13:47:38","modified_gmt":"2026-03-26T06:47:38","slug":"to-chuc-cong-ty","status":"publish","type":"page","link":"http:\/\/ctythuyloibentre.com\/?page_id=261","title":{"rendered":"T\u1ed5 ch\u1ee9c"},"content":{"rendered":"<p><b>M\u00f4 h\u00ecnh t\u1ed5 ch\u1ee9c qu\u1ea3n l\u00fd v\u00e0 ho\u1ea1t \u0111\u1ed9ng \u0111o\u00e0n th\u1ec3 C\u00f4ng ty TNHH MTV Khai th\u00e1c c\u00f4ng tr\u00ecnh Th\u1ee7y l\u1ee3i B\u1ebfn Tre<\/b><\/p>\n<p><b>I. M\u00d4 H\u00ccNH: Ch\u1ee7 t\u1ecbch C\u00f4ng ty, Gi\u00e1m \u0111\u1ed1c v\u00e0 Ki\u1ec3m so\u00e1t vi\u00ean.<\/b><\/p>\n<p><b>II. QU\u1ea2N L\u00dd C\u00d4NG TY:<\/b><\/p>\n<p><b>1\/ NG\u01af\u1edcI QU\u1ea2N L\u00dd:<\/b><\/p>\n<p><strong>1.1. Ch\u1ee7 t\u1ecbch ki\u00eam Gi\u00e1m \u0111\u1ed1c C\u00f4ng ty<\/strong><\/p>\n<ul>\n<li>\u00d4ng: <strong>PH\u1ea0M QU\u1ed0C PHONG<\/strong><\/li>\n<li>Tr\u00ecnh \u0111\u1ed9 chuy\u00ean m\u00f4n: K\u1ef9 s\u01b0 Th\u1ee7y l\u1ee3i, C\u1eed nh\u00e2n Ng\u00f4n ng\u1eef Anh; Th\u1ea1c s\u0129 K\u1ef9 thu\u1eadt x\u00e2y d\u1ef1ng c\u00f4ng tr\u00ecnh th\u1ee7y.<\/li>\n<li>\u0110i\u1ec7n tho\u1ea1i li\u00ean h\u1ec7: <strong>0915.751.175<\/strong><\/li>\n<\/ul>\n<p><strong>1.2. Ph\u00f3 Gi\u00e1m \u0111\u1ed1c<\/strong><\/p>\n<ul>\n<li>\u00d4ng: <strong>H\u1ed2 NG\u1eccC H\u1eacU<\/strong><\/li>\n<li>Tr\u00ecnh \u0111\u1ed9 chuy\u00ean m\u00f4n:\u00a0K\u1ef9 s\u01b0 X\u00e2y d\u1ef1ng<\/li>\n<li>\u0110i\u1ec7n tho\u1ea1i li\u00ean h\u1ec7: <strong>0918.289.133<\/strong><\/li>\n<\/ul>\n<p><strong>1.3. Ph\u00f3 Gi\u00e1m \u0111\u1ed1c<\/strong><\/p>\n<ul>\n<li>\u00d4ng: <strong>NGUY\u1ec4N T\u1ea4N SANG\u00a0<\/strong><\/li>\n<li>Tr\u00ecnh \u0111\u1ed9 chuy\u00ean m\u00f4n: K\u1ef9 s\u01b0 Khai th\u00e1c h\u00e0ng h\u1ea3i th\u1ee7y s\u1ea3n<\/li>\n<li>\u0110i\u1ec7n tho\u1ea1i li\u00ean h\u1ec7: <strong>0917.089.279<\/strong><\/li>\n<\/ul>\n<p><strong>1.4. K\u1ebf to\u00e1n tr\u01b0\u1edfng<\/strong><\/p>\n<ul>\n<li>B\u00e0: <strong>NGUY\u1ec4N THANH TR\u00daC<\/strong><\/li>\n<li>Tr\u00ecnh \u0111\u1ed9 chuy\u00ean m\u00f4n: C\u1eed nh\u00e2n kinh t\u1ebf<\/li>\n<li>\u0110i\u1ec7n tho\u1ea1i li\u00ean h\u1ec7: <strong>090 759 5950<\/strong><\/li>\n<\/ul>\n<p><strong>1.5. Ki\u1ec3m so\u00e1t vi\u00ean kh\u00f4ng chuy\u00ean tr\u00e1ch<\/strong><\/p>\n<ul>\n<li>\u00d4ng: <strong>NGUY\u1ec4N C\u00d4NG B\u1eb0NG<\/strong><\/li>\n<li>Tr\u00ecnh \u0111\u1ed9 chuy\u00ean m\u00f4n:<\/li>\n<li>\u0110i\u1ec7n tho\u1ea1i li\u00ean h\u1ec7: <strong>0918 330 154<\/strong><\/li>\n<\/ul>\n<p><b>2\/ C\u00c1C PH\u00d2NG NGHI\u1ec6P V\u1ee4:<\/b><\/p>\n<p><strong>2.1. Ph\u00f2ng K\u1ebf ho\u1ea1ch\u00a0 \u2013 T\u1ed5 ch\u1ee9c, H\u00e0nh ch\u00ednh<i>\u00a0<\/i><\/strong><\/p>\n<p><strong>&#8211; Tr\u01b0\u1edfng ph\u00f2ng<\/strong><\/p>\n<ul>\n<li>\u00d4ng:\u00a0<strong>NGUY\u1ec4N QU\u1ed0C PH\u01af\u01a0NG<\/strong><\/li>\n<li>Tr\u00ecnh \u0111\u1ed9 chuy\u00ean m\u00f4n: K\u1ef9 s\u01b0 Th\u1ee7y l\u1ee3i, Th\u1ea1c s\u0129 Qu\u1ea3n l\u00fd x\u00e2y d\u1ef1ng<\/li>\n<li>\u0110i\u1ec7n tho\u1ea1i li\u00ean h\u1ec7: <strong>0814135035<\/strong><\/li>\n<\/ul>\n<p><strong>&#8211; Ph\u00f3 Tr\u01b0\u1edfng ph\u00f2ng<\/strong><\/p>\n<ul>\n<li>B\u00e0: <strong>\u0110O\u00c0N TH\u1eca KIM XUY\u1ebeN<\/strong><\/li>\n<li>Tr\u00ecnh \u0111\u1ed9 chuy\u00ean m\u00f4n: C\u1eed nh\u00e2n Qu\u1ea3n tr\u1ecb nh\u00e2n l\u1ef1c<\/li>\n<li>\u0110i\u1ec7n tho\u1ea1i li\u00ean h\u1ec7: <strong>0915625089<\/strong><\/li>\n<\/ul>\n<p><strong>&#8211; Ph\u00f3 Tr\u01b0\u1edfng ph\u00f2ng<\/strong><\/p>\n<ul>\n<li>\u00d4ng: <strong>NGUY\u1ec4N QUANG TRI\u1ec0U<\/strong><\/li>\n<li>Tr\u00ecnh \u0111\u1ed9 chuy\u00ean m\u00f4n: K\u1ef9 s\u01b0 x\u00e2y d\u1ef1ng, C\u1eed nh\u00e2n Lu\u1eadt, Th\u1ea1c s\u0129 Qu\u1ea3n l\u00fd x\u00e2y d\u1ef1ng<\/li>\n<li>\u0110i\u1ec7n tho\u1ea1i li\u00ean h\u1ec7: <strong>0972878497<\/strong><\/li>\n<\/ul>\n<p><strong>2.2. Ph\u00f2ng T\u00e0i ch\u00ednh &#8211; K\u1ebf to\u00e1n<\/strong><\/p>\n<p><strong>&#8211; Tr\u01b0\u1edfng ph\u00f2ng<\/strong><\/p>\n<ul>\n<li>B\u00e0: <strong>NGUY\u1ec4N THANH TR\u00daC<\/strong><\/li>\n<li>Tr\u00ecnh \u0111\u1ed9 chuy\u00ean m\u00f4n: C\u1eed nh\u00e2n kinh t\u1ebf<\/li>\n<li>\u0110i\u1ec7n tho\u1ea1i li\u00ean h\u1ec7: <strong>090 759 5950<\/strong><\/li>\n<\/ul>\n<p><strong>&#8211; Ph\u00f3 Tr\u01b0\u1edfng ph\u00f2ng<\/strong><\/p>\n<ul>\n<li>B\u00e0: <b>NGUY\u1ec4N TH\u1eca HU\u1ef2NH NH\u01af<\/b><\/li>\n<li>Tr\u00ecnh \u0111\u1ed9 chuy\u00ean m\u00f4n: C\u1eed nh\u00e2n K\u1ebf to\u00e1n<\/li>\n<li>\u0110i\u1ec7n tho\u1ea1i li\u00ean h\u1ec7: <strong>0939053867<\/strong><\/li>\n<\/ul>\n<p><strong>2.3. Ph\u00f2ng K\u1ef9 thu\u1eadt<\/strong><\/p>\n<p><strong>&#8211; Tr\u01b0\u1edfng ph\u00f2ng<\/strong><\/p>\n<ul>\n<li>\u00d4ng: <strong>TR\u1ea6N NG\u1eccC QUANG<\/strong><\/li>\n<li>Tr\u00ecnh \u0111\u1ed9 chuy\u00ean m\u00f4n: K\u1ef9 s\u01b0 X\u00e2y d\u1ef1ng<\/li>\n<li>\u0110i\u1ec7n tho\u1ea1i li\u00ean h\u1ec7: <strong>0984372307<\/strong><\/li>\n<\/ul>\n<p><strong>&#8211; Ph\u00f3 tr\u01b0\u1edfng ph\u00f2ng<\/strong><\/p>\n<ul>\n<li>\u00d4ng: <strong>B\u00d9I THANH HI\u1ec0N<\/strong><\/li>\n<li>Tr\u00ecnh \u0111\u1ed9 chuy\u00ean m\u00f4n: K\u1ef9 s\u01b0 th\u1ee7y l\u1ee3i<\/li>\n<li>\u0110i\u1ec7n tho\u1ea1i li\u00ean h\u1ec7: <strong>036 481 4367<\/strong><\/li>\n<\/ul>\n<p><b>3\/ C\u00c1C CHI NH\u00c1NH TR\u1ef0C THU\u1ed8C:<\/b><\/p>\n<p><strong>3.1. Chi nh\u00e1nh 1 &#8211; C\u00f4ng ty TNHH MTV Khai th\u00e1c c\u00f4ng tr\u00ecnh th\u1ee7y l\u1ee3i B\u1ebfn Tre\u00a0 \u00a0 \u00a0 \u00a0 \u00a0 \u00a0 \u00a0 \u00a0 \u00a0 \u00a0 \u00a0 \u00a0 \u00a0 \u00a0 \u00a0 \u00a0 \u00a0<\/strong><\/p>\n<p><strong>&#8211; Tr\u01b0\u1edfng Chi nh\u00e1nh<\/strong><\/p>\n<ul>\n<li>\u00d4ng: <strong>NGUY\u1ec4N TRUNG TH\u00c0NH<\/strong><\/li>\n<li>Tr\u00ecnh \u0111\u1ed9 chuy\u00ean m\u00f4n:\u00a0K\u1ef9 s\u01b0 X\u00e2y d\u1ef1ng<\/li>\n<li>\u0110i\u1ec7n tho\u1ea1i li\u00ean h\u1ec7: 0275.3824950 \u2013 Di \u0111\u1ed9ng: <strong>0378189928<\/strong><\/li>\n<\/ul>\n<p><strong>&#8211; Ph\u00f3 Tr\u01b0\u1edfng Chi nh\u00e1nh<\/strong><\/p>\n<ul>\n<li>\u00d4ng:\u00a0<strong>B\u00d9I TR\u1eccNG TH\u1ea2O<\/strong><strong><br \/>\n<\/strong><\/li>\n<li>Tr\u00ecnh \u0111\u1ed9 chuy\u00ean m\u00f4n: K\u1ef9 s\u01b0 Th\u1ee7y l\u1ee3i<\/li>\n<li>\u0110i\u1ec7n tho\u1ea1i li\u00ean h\u1ec7: 0275.3861014 \u2013 Di \u0111\u1ed9ng: <strong>0978164193<\/strong><\/li>\n<\/ul>\n<p><strong>3.2. Chi nh\u00e1nh 2 &#8211; C\u00f4ng ty TNHH MTV Khai th\u00e1c c\u00f4ng tr\u00ecnh th\u1ee7y l\u1ee3i B\u1ebfn Tre\u00a0 \u00a0 \u00a0 \u00a0 \u00a0 \u00a0 \u00a0 \u00a0 \u00a0 \u00a0 \u00a0 \u00a0 \u00a0 \u00a0 \u00a0 \u00a0 \u00a0 \u00a0 \u00a0 \u00a0\u00a0<\/strong><\/p>\n<p><strong>&#8211; Tr\u01b0\u1edfng Chi nh\u00e1nh<\/strong><\/p>\n<ul>\n<li>\u00d4ng: <strong>\u0110\u1ed6 LINH GIANG<\/strong><\/li>\n<li>Tr\u00ecnh \u0111\u1ed9 chuy\u00ean m\u00f4n: Trung c\u1ea5p X\u00e2y d\u1ef1ng<\/li>\n<li>\u0110i\u1ec7n tho\u1ea1i li\u00ean h\u1ec7: 0275.3843387 \u2013 Di \u0111\u1ed9ng: <strong>0764199878<\/strong><\/li>\n<\/ul>\n<p><strong>&#8211; Ph\u00f3 Tr\u01b0\u1edfng Chi nh\u00e1nh<\/strong><\/p>\n<ul>\n<li>\u00d4ng:\u00a0<strong>TR\u1ea6N TR\u1eccNG \u00c2N<\/strong><\/li>\n<li>Tr\u00ecnh \u0111\u1ed9 chuy\u00ean m\u00f4n: K\u1ef9 s\u01b0 Th\u1ee7y l\u1ee3i<\/li>\n<li>\u0110i\u1ec7n tho\u1ea1i li\u00ean h\u1ec7: 0275.3824950 \u2013 Di \u0111\u1ed9ng:\u00a0<strong>0946969312<\/strong><\/li>\n<\/ul>\n<p><strong>&#8211; Ph\u00f3 Tr\u01b0\u1edfng Chi nh\u00e1nh<\/strong><\/p>\n<ul>\n<li>\u00d4ng: <b>H\u1ed2 DUY KH\u01af\u01a0NG<\/b><strong><br \/>\n<\/strong><\/li>\n<li>Tr\u00ecnh \u0111\u1ed9 chuy\u00ean m\u00f4n: Trung c\u1ea5p Th\u1ee7y l\u1ee3i<\/li>\n<li>\u0110i\u1ec7n tho\u1ea1i li\u00ean h\u1ec7: 0275.3843387 \u2013 Di \u0111\u1ed9ng: <strong>0968879100<\/strong><\/li>\n<\/ul>\n<p><strong>3.3. Chi nh\u00e1nh 3 &#8211; C\u00f4ng ty TNHH MTV Khai th\u00e1c c\u00f4ng tr\u00ecnh th\u1ee7y l\u1ee3i B\u1ebfn Tre\u00a0 \u00a0 \u00a0 \u00a0 \u00a0 \u00a0 \u00a0 \u00a0 \u00a0 \u00a0 \u00a0 \u00a0 \u00a0 \u00a0 \u00a0 \u00a0 \u00a0 \u00a0 \u00a0 \u00a0\u00a0<\/strong><\/p>\n<p><strong>&#8211; Tr\u01b0\u1edfng Chi nh\u00e1nh<\/strong><\/p>\n<ul>\n<li>\u00d4ng: <b>H\u1ed2 NG\u1eccC \u0110I\u1ec6P<\/b><\/li>\n<li>Tr\u00ecnh \u0111\u1ed9 chuy\u00ean m\u00f4n: K\u1ef9 s\u01b0 x\u00e2y d\u1ef1ng<\/li>\n<li>\u0110i\u1ec7n tho\u1ea1i li\u00ean h\u1ec7: 0275.3824950 \u2013 Di \u0111\u1ed9ng: <strong><a class=\"text-is-phone-number\" data-z-element-type=\"phone-number\">0913 938 636<\/a><\/strong><\/li>\n<\/ul>\n<p><strong>&#8211; Ph\u00f3 Tr\u01b0\u1edfng Chi nh\u00e1nh<\/strong><\/p>\n<ul>\n<li>\u00d4ng:\u00a0<strong>TR\u1ea6N H\u1eeeU HI\u1ec6P<\/strong><\/li>\n<li>Tr\u00ecnh \u0111\u1ed9 chuy\u00ean m\u00f4n: K\u1ef9 s\u01b0 th\u1ee7y l\u1ee3i<\/li>\n<li>\u0110i\u1ec7n tho\u1ea1i li\u00ean h\u1ec7: 0275.3824950 \u2013 Di \u0111\u1ed9ng: <strong>0919112901<\/strong><\/li>\n<\/ul>\n<p><strong>&#8211; Ph\u00f3 Tr\u01b0\u1edfng Chi nh\u00e1nh<\/strong><\/p>\n<ul>\n<li>\u00d4ng:\u00a0<strong>V\u00d5 HO\u00c0NG T\u00d9NG<\/strong><strong><br \/>\n<\/strong><\/li>\n<li>Tr\u00ecnh \u0111\u1ed9 chuy\u00ean m\u00f4n: K\u1ef9 s\u01b0 th\u1ee7y l\u1ee3i<\/li>\n<li>\u0110i\u1ec7n tho\u1ea1i li\u00ean h\u1ec7: 0275.3861014 \u2013 Di \u0111\u1ed9ng:\u00a0<strong>0902456792<\/strong><\/li>\n<\/ul>\n<p>&#8211; T\u1ed5ng s\u1ed1 ng\u01b0\u1eddi qu\u1ea3n l\u00fd, ng\u01b0\u1eddi lao \u0111\u1ed9ng, c\u00f4ng nh\u00e2n lao \u0111\u1ed9ng l\u00e0 141 ng\u01b0\u1eddi (trong \u0111\u00f3 c\u00f3 13 n\u1eef). Trong \u0111\u00f3 c\u00f3 79 nh\u00e2n vi\u00ean v\u00e0 c\u00f4ng nh\u00e2n qu\u1ea3n l\u00fd c\u00e1c c\u00f4ng tr\u00ecnh c\u1ed1ng th\u1ee7y l\u1ee3i tr\u00ean \u0111\u1ecba b\u00e0n c\u00e1c x\u00e3, ph\u01b0\u1eddng.<\/p>\n<p><b>III. \u0110O\u00c0N TH\u1ec2:<\/b><\/p>\n<p><b>1\/ <b>CHI B\u1ed8 C\u00d4NG TY TNHH MTV KHAI TH\u00c1C C\u00d4NG TR\u00ccNH TH\u1ee6Y L\u1ee2I B\u1ebeN TRE<\/b>:<\/b><\/p>\n<p><strong>1.1. Chi b\u1ed9 C\u00f4ng ty TNHH MTV Khai th\u00e1c c\u00f4ng tr\u00ecnh th\u1ee7y l\u1ee3i B\u1ebfn Tre tr\u1ef1c thu\u1ed9c \u0110\u1ea3ng \u1ee7y UBND t\u1ec9nh V\u0129nh Long.<\/strong><\/p>\n<p><strong>1.2. Chi \u1ee7y Chi b\u1ed9 C\u00f4ng ty TNHH MTV Khai th\u00e1c c\u00f4ng tr\u00ecnh th\u1ee7y l\u1ee3i B\u1ebfn Tre nhi\u1ec7m k\u1ef3 2025 &#8211; 2030, g\u1ed3m 07 \u0111\u1ed3ng ch\u00ed.<\/strong><\/p>\n<p>&#8211; <strong>B\u00ed th\u01b0<\/strong>: \u0110\u1ed3ng ch\u00ed <strong>Ph\u1ea1m Qu\u1ed1c Phong<\/strong><\/p>\n<p>&#8211; <strong>Ph\u00f3 B\u00ed th\u01b0<\/strong>: \u0110\u1ed3ng ch\u00ed <strong>Nguy\u1ec5n T\u1ea5n Sang<\/strong><\/p>\n<p>&#8211; <strong>Chi \u1ee7y vi\u00ean<\/strong>: \u0110\u1ed3ng ch\u00ed <strong>Nguy\u1ec5n Qu\u1ed1c Ph\u01b0\u01a1ng<\/strong><\/p>\n<p>&#8211; <strong>Chi \u1ee7y vi\u00ean<\/strong>: \u0110\u1ed3ng ch\u00ed <strong>\u0110o\u00e0n Th\u1ecb Kim Xuy\u1ebfn<\/strong><\/p>\n<p>&#8211;<strong> Chi \u1ee7y vi\u00ean:<\/strong> \u0110\u1ed3ng ch\u00ed <strong>Nguy\u1ec5n Thanh Tr\u00fac<\/strong><\/p>\n<p>&#8211; <strong>Chi \u1ee7y vi\u00ean<\/strong>:\u00a0\u0110\u1ed3ng ch\u00ed\u00a0<strong>Tr\u1ea7n Ng\u1ecdc Quang<\/strong><\/p>\n<p>&#8211; <strong>Chi \u1ee7y vi\u00ean<\/strong>: \u0110\u1ed3ng ch\u00ed <strong>H\u1ed3 Ng\u1ecdc \u0110i\u1ec7p<\/strong><\/p>\n<p><strong>1.3. C\u00e1c t\u1ed5 \u0111\u1ea3ng: Chi b\u1ed9 C\u00f4ng ty TNHH MTV Khai th\u00e1c c\u00f4ng tr\u00ecnh Th\u1ee7y l\u1ee3i B\u1ebfn Tre sinh ho\u1ea1t g\u1ed3m 05 t\u1ed5 \u0111\u1ea3ng, 45 \u0111\u1ea3ng vi\u00ean, trong \u0111\u00f3: <\/strong>39 \u0111\u1ea3ng vi\u00ean ch\u00ednh th\u1ee9c v\u00e0 06 \u0111\u1ea3ng vi\u00ean d\u1ef1 b\u1ecb.<\/p>\n<p><strong>1.3.1. T\u1ed5 1 (g\u1ed3m c\u00e1c \u0111\u1ea3ng vi\u00ean thu\u1ed9c Chi nh\u00e1nh 1)<\/strong><\/p>\n<p>&#8211; <strong>T\u1ed5 tr\u01b0\u1edfng<\/strong>: \u0110\u1ed3ng ch\u00ed <b>Nguy\u1ec5n Trung Th\u00e0nh<\/b><\/p>\n<p><strong>1.3.2. T\u1ed5 2\u00a0<strong>(g\u1ed3m c\u00e1c \u0111\u1ea3ng vi\u00ean thu\u1ed9c Chi nh\u00e1nh 2)<\/strong><\/strong><\/p>\n<p>&#8211;\u00a0<strong>T\u1ed5 tr\u01b0\u1edfng<\/strong>: \u0110\u1ed3ng ch\u00ed <strong>\u0110\u1ed7 Linh Giang<\/strong><\/p>\n<p><strong>1.3.3. T\u1ed5 3\u00a0<strong>(g\u1ed3m c\u00e1c \u0111\u1ea3ng vi\u00ean thu\u1ed9c Chi nh\u00e1nh 3)<\/strong><\/strong><\/p>\n<p>&#8211;\u00a0<strong>T\u1ed5 tr\u01b0\u1edfng<\/strong>:\u00a0\u0110\u1ed3ng ch\u00ed\u00a0<b>H\u1ed3 Ng\u1ecdc \u0110i\u1ec7p<\/b><\/p>\n<p><strong>1.3.4. T\u1ed5 4\u00a0<strong>(g\u1ed3m B\u00ed th\u01b0, Ph\u00f3 B\u00ed th\u01b0 v\u00e0 c\u00e1c \u0111\u1ea3ng vi\u00ean thu\u1ed9c Ph\u00f2ng K\u1ebf ho\u1ea1ch &#8211; TCHC v\u00e0 Ph\u00f2ng T\u00e0i ch\u00ednh &#8211; K\u1ebf to\u00e1n)<\/strong><\/strong><\/p>\n<p>&#8211;\u00a0<strong>T\u1ed5 tr\u01b0\u1edfng<\/strong>:\u00a0\u0110\u1ed3ng ch\u00ed\u00a0<b>Nguy\u1ec5n Qu\u1ed1c Ph\u01b0\u01a1ng<\/b><\/p>\n<p><strong>1.3.4. T\u1ed5 5\u00a0<strong>(g\u1ed3m c\u00e1c \u0111\u1ea3ng vi\u00ean thu\u1ed9c Ph\u00f2ng K\u1ef9 thu\u1eadt)<\/strong><\/strong><\/p>\n<p>&#8211;\u00a0<strong>T\u1ed5 tr\u01b0\u1edfng<\/strong>:\u00a0\u0110\u1ed3ng ch\u00ed\u00a0<b>Tr\u1ea7n Ng\u1ecdc Quang<\/b><\/p>\n<p><b>2\/ C\u00d4NG \u0110O\u00c0N C\u01a0 S\u1ede C\u00d4NG TY TNHH MTV KHAI TH\u00c1C C\u00d4NG TR\u00ccNH TH\u1ee6Y L\u1ee2I B\u1ebeN TRE:<\/b><\/p>\n<p><strong>2.1. C\u00f4ng \u0111o\u00e0n c\u01a1 s\u1edf C\u00f4ng ty TNHH MTV Khai th\u00e1c c\u00f4ng tr\u00ecnh th\u1ee7y l\u1ee3i B\u1ebfn Tre tr\u1ef1c thu\u1ed9c Li\u00ean \u0111o\u00e0n Lao \u0111\u1ed9ng t\u1ec9nh V\u0129nh Long.<\/strong><\/p>\n<p><strong>2.2. Ban ch\u1ea5p h\u00e0nh C\u00f4ng \u0111o\u00e0n c\u01a1 s\u1edf C\u00f4ng ty TNHH MTV Khai th\u00e1c c\u00f4ng tr\u00ecnh th\u1ee7y l\u1ee3i B\u1ebfn Tre, g\u1ed3m 05 \u0111\u1ed3ng ch\u00ed.<\/strong><\/p>\n<p>&#8211; <strong>Ch\u1ee7 t\u1ecbch<\/strong>: \u0110\u1ed3ng ch\u00ed <strong>Nguy\u1ec5n T\u1ea5n Sang<\/strong><\/p>\n<p>&#8211; <strong>Ph\u00f3 Ch\u1ee7 t\u1ecbch<\/strong>: \u0110\u1ed3ng ch\u00ed <strong>\u0110o\u00e0n Hu\u1ef3nh Th\u1ea3o Uy\u00ean<\/strong><\/p>\n<p>&#8211; <strong>\u1ee6y vi\u00ean Ban ch\u1ea5p h\u00e0nh<\/strong>: \u0110\u1ed3ng ch\u00ed <b>B\u00f9i Ng\u1ecdc T\u00fa<\/b><\/p>\n<p>&#8211; <strong>\u1ee6y vi\u00ean Ban ch\u1ea5p h\u00e0nh<\/strong>: \u0110\u1ed3ng ch\u00ed <strong>Tr\u1ea7n Ng\u1ecdc Quang<\/strong><\/p>\n<p>&#8211;\u00a0<strong>\u1ee6y vi\u00ean Ban ch\u1ea5p h\u00e0nh<\/strong>: \u0110\u1ed3ng ch\u00ed <b>H\u1ed3 Duy Kh\u01b0\u01a1ng<\/b><\/p>\n<p><strong>2.3. \u1ee6y ban ki\u1ec3m tra C\u00f4ng \u0111o\u00e0n c\u01a1 s\u1edf C\u00f4ng ty TNHH MTV Khai th\u00e1c c\u00f4ng tr\u00ecnh th\u1ee7y l\u1ee3i B\u1ebfn Tre, g\u1ed3m 03 \u0111\u1ed3ng ch\u00ed.<\/strong><\/p>\n<p>&#8211; <strong>Ch\u1ee7 nhi\u1ec7m \u1ee6y ban ki\u1ec3m tra<\/strong>: \u0110\u1ed3ng ch\u00ed <strong>\u0110o\u00e0n Hu\u1ef3nh Th\u1ea3o Uy\u00ean<\/strong><\/p>\n<p>&#8211; <strong>\u1ee6y vi\u00ean\u00a0\u1ee6y ban ki\u1ec3m tra<\/strong>: \u0110\u1ed3ng ch\u00ed <strong>Nguy\u1ec5n Th\u1ecb H\u1ed3ng Nhi<\/strong><\/p>\n<p>&#8211; <strong>\u1ee6y vi\u00ean \u1ee6y ban ki\u1ec3m tra<\/strong>: \u0110\u1ed3ng ch\u00ed <b>Ph\u1ea1m Th\u1ecb Ng\u1ecdc Ph\u1ee5ng<\/b><\/p>\n<p><strong>2.4. C\u00e1c t\u1ed5 c\u00f4ng \u0111o\u00e0n: C\u00f4ng \u0111o\u00e0n c\u01a1 s\u1edf C\u00f4ng ty TNHH MTV Khai th\u00e1c c\u00f4ng tr\u00ecnh th\u1ee7y l\u1ee3i B\u1ebfn Tre sinh ho\u1ea1t g\u1ed3m 04 t\u1ed5 c\u00f4ng \u0111o\u00e0n, 138 c\u00f4ng \u0111o\u00e0n vi\u00ean.<\/strong><\/p>\n<p><strong>2.4.1. T\u1ed5 c\u00f4ng \u0111o\u00e0n V\u0103n ph\u00f2ng C\u00f4ng ty<\/strong><\/p>\n<p>&#8211; <strong>T\u1ed5 tr\u01b0\u1edfng<\/strong>: \u0110\u1ed3ng ch\u00ed <b>Ph\u1ea1m Th\u1ecb Ng\u1ecdc Ph\u1ee5ng<\/b><\/p>\n<p>&#8211; <strong>T\u1ed5 ph\u00f3:<\/strong> \u0110\u1ed3ng ch\u00ed <b>Tr\u1ea7n Th\u1ecb C\u1ea9m Tuy\u00ean<\/b><\/p>\n<p><strong>2.4.2. T\u1ed5 c\u00f4ng \u0111o\u00e0n Chi nh\u00e1nh 1\u00a0<\/strong><\/p>\n<p>&#8211; <strong>T\u1ed5 tr\u01b0\u1edfng<\/strong>: \u0110\u1ed3ng ch\u00ed <strong>B\u00f9i Tr\u1ecdng Th\u1ea3o<\/strong><\/p>\n<p>&#8211; <strong>T\u1ed5 ph\u00f3:<\/strong> \u0110\u1ed3ng ch\u00ed <strong>L\u00ea H\u1ed3 Thanh Huy<\/strong><\/p>\n<p><strong>2.4.3. T\u1ed5 c\u00f4ng \u0111o\u00e0n Chi nh\u00e1nh 2<\/strong><\/p>\n<p>&#8211; <strong>T\u1ed5 tr\u01b0\u1edfng<\/strong>: \u0110\u1ed3ng ch\u00ed <strong>\u0110\u1ed7 Linh Giang<\/strong><\/p>\n<p>&#8211; <strong>T\u1ed5 ph\u00f3:<\/strong> \u0110\u1ed3ng ch\u00ed<strong>\u00a0H\u1ed3 Duy Kh\u01b0\u01a1ng<\/strong><\/p>\n<p><strong>2.4.4. T\u1ed5 c\u00f4ng \u0111o\u00e0n Chi nh\u00e1nh 3<\/strong><\/p>\n<p>&#8211; <strong>T\u1ed5 tr\u01b0\u1edfng<\/strong>: \u0110\u1ed3ng ch\u00ed <strong>Tr\u1ea7n H\u1eefu Hi\u1ec7p<\/strong><\/p>\n<p>&#8211; <strong>T\u1ed5 ph\u00f3: <\/strong>\u0110\u1ed3ng ch\u00ed <strong>Tr\u1ea7n Tr\u1ecdng \u00c2n<\/strong><\/p>\n","protected":false},"excerpt":{"rendered":"<p>M\u00f4 h\u00ecnh t\u1ed5 ch\u1ee9c qu\u1ea3n l\u00fd v\u00e0 ho\u1ea1t \u0111\u1ed9ng \u0111o\u00e0n th\u1ec3 C\u00f4ng ty TNHH MTV Khai th\u00e1c c\u00f4ng tr\u00ecnh Th\u1ee7y [&hellip;]<\/p>\n","protected":false},"author":1,"featured_media":0,"parent":0,"menu_order":0,"comment_status":"closed","ping_status":"open","template":"","meta":{"site-sidebar-layout":"default","site-content-layout":"","ast-site-content-layout":"default","site-content-style":"default","site-sidebar-style":"default","ast-global-header-display":"","ast-banner-title-visibility":"","ast-main-header-display":"","ast-hfb-above-header-display":"","ast-hfb-below-header-display":"","ast-hfb-mobile-header-display":"","site-post-title":"","ast-breadcrumbs-content":"","ast-featured-img":"","footer-sml-layout":"","ast-disable-related-posts":"","theme-transparent-header-meta":"","adv-header-id-meta":"","stick-header-meta":"","header-above-stick-meta":"","header-main-stick-meta":"","header-below-stick-meta":"","astra-migrate-meta-layouts":"default","ast-page-background-enabled":"default","ast-page-background-meta":{"desktop":{"background-color":"var(--ast-global-color-4)","background-image":"","background-repeat":"repeat","background-position":"center center","background-size":"auto","background-attachment":"scroll","background-type":"","background-media":"","overlay-type":"","overlay-color":"","overlay-opacity":"","overlay-gradient":""},"tablet":{"background-color":"","background-image":"","background-repeat":"repeat","background-position":"center center","background-size":"auto","background-attachment":"scroll","background-type":"","background-media":"","overlay-type":"","overlay-color":"","overlay-opacity":"","overlay-gradient":""},"mobile":{"background-color":"","background-image":"","background-repeat":"repeat","background-position":"center center","background-size":"auto","background-attachment":"scroll","background-type":"","background-media":"","overlay-type":"","overlay-color":"","overlay-opacity":"","overlay-gradient":""}},"ast-content-background-meta":{"desktop":{"background-color":"var(--ast-global-color-5)","background-image":"","background-repeat":"repeat","background-position":"center center","background-size":"auto","background-attachment":"scroll","background-type":"","background-media":"","overlay-type":"","overlay-color":"","overlay-opacity":"","overlay-gradient":""},"tablet":{"background-color":"var(--ast-global-color-5)","background-image":"","background-repeat":"repeat","background-position":"center center","background-size":"auto","background-attachment":"scroll","background-type":"","background-media":"","overlay-type":"","overlay-color":"","overlay-opacity":"","overlay-gradient":""},"mobile":{"background-color":"var(--ast-global-color-5)","background-image":"","background-repeat":"repeat","background-position":"center center","background-size":"auto","background-attachment":"scroll","background-type":"","background-media":"","overlay-type":"","overlay-color":"","overlay-opacity":"","overlay-gradient":""}},"footnotes":""},"class_list":["post-261","page","type-page","status-publish","hentry"],"_links":{"self":[{"href":"http:\/\/ctythuyloibentre.com\/index.php?rest_route=\/wp\/v2\/pages\/261","targetHints":{"allow":["GET"]}}],"collection":[{"href":"http:\/\/ctythuyloibentre.com\/index.php?rest_route=\/wp\/v2\/pages"}],"about":[{"href":"http:\/\/ctythuyloibentre.com\/index.php?rest_route=\/wp\/v2\/types\/page"}],"author":[{"embeddable":true,"href":"http:\/\/ctythuyloibentre.com\/index.php?rest_route=\/wp\/v2\/users\/1"}],"replies":[{"embeddable":true,"href":"http:\/\/ctythuyloibentre.com\/index.php?rest_route=%2Fwp%2Fv2%2Fcomments&post=261"}],"version-history":[{"count":62,"href":"http:\/\/ctythuyloibentre.com\/index.php?rest_route=\/wp\/v2\/pages\/261\/revisions"}],"predecessor-version":[{"id":3321,"href":"http:\/\/ctythuyloibentre.com\/index.php?rest_route=\/wp\/v2\/pages\/261\/revisions\/3321"}],"wp:attachment":[{"href":"http:\/\/ctythuyloibentre.com\/index.php?rest_route=%2Fwp%2Fv2%2Fmedia&parent=261"}],"curies":[{"name":"wp","href":"https:\/\/api.w.org\/{rel}","templated":true}]}}