{"id":2,"date":"2015-01-14T16:01:18","date_gmt":"2015-01-14T16:01:18","guid":{"rendered":"http:\/\/127.0.0.1\/wordpress3_5\/?page_id=2"},"modified":"2026-03-26T08:33:10","modified_gmt":"2026-03-26T01:33:10","slug":"gioi-thieu","status":"publish","type":"page","link":"http:\/\/ctythuyloibentre.com\/?page_id=2","title":{"rendered":"Gi\u1edbi thi\u1ec7u"},"content":{"rendered":"\n<div class=\"wp-block-group alignwide is-layout-constrained wp-block-group-is-layout-constrained\">\n<figure class=\"wp-block-image aligncenter is-resized\"><a href=\"http:\/\/ctythuyloibentre.com\/?attachment_id=46\" rel=\"attachment wp-att-46\"><img loading=\"lazy\" decoding=\"async\" width=\"600\" height=\"399\" src=\"http:\/\/ctythuyloibentre.com\/wp-content\/uploads\/2014\/08\/TruSoCongTy_.jpg\" alt=\"TruSoCongTy_\" class=\"wp-image-46\" style=\"aspect-ratio:1.5037771019326989;width:757px;height:auto\" srcset=\"http:\/\/ctythuyloibentre.com\/wp-content\/uploads\/2014\/08\/TruSoCongTy_.jpg 600w, http:\/\/ctythuyloibentre.com\/wp-content\/uploads\/2014\/08\/TruSoCongTy_-300x199.jpg 300w\" sizes=\"auto, (max-width: 600px) 100vw, 600px\" \/><\/a><\/figure>\n\n\n\n<p class=\"has-text-align-center\"><\/p>\n\n\n\n<p class=\"has-text-align-center\">Tr\u1ee5 s\u1edf C\u00f4ng ty TNHH MTV Khai th\u00e1c c\u00f4ng tr\u00ecnh th\u1ee7y l\u1ee3i B\u1ebfn Tre<\/p>\n\n\n\n<p><b>Gi\u1edbi thi\u1ec7u chung<\/b><\/p>\n\n\n\n<p><b>I. Kh\u00e1i qu\u00e1t<\/b><\/p>\n\n\n\n<p><b>1.&nbsp;&nbsp;L\u1ecbch s\u1eed h\u00ecnh th\u00e0nh<\/b><\/p>\n\n\n\n<p>C\u00f4ng ty TNHH m\u1ed9t th\u00e0nh vi\u00ean khai th\u00e1c c\u00f4ng tr\u00ecnh th\u1ee7y l\u1ee3i B\u1ebfn Tre ti\u1ec1n th\u00e2n l\u00e0 C\u00f4ng ty th\u1ee7y n\u00f4ng \u0111\u01b0\u1ee3c th\u00e0nh l\u1eadp theo Quy\u1ebft \u0111\u1ecbnh s\u1ed1 1035\/Q\u0110-UB ng\u00e0y 28\/10\/1991 c\u1ee7a \u1ee6y ban nh\u00e2n d\u00e2n t\u1ec9nh B\u1ebfn Tre tr\u00ean c\u01a1 s\u1edf s\u1eafp x\u1ebfp l\u1ea1i X\u00ed nghi\u1ec7p th\u1ee7y n\u00f4ng Gi\u1ed3ng Tr\u00f4m \u2013 Ba Tri v\u00e0 c\u00e1c X\u00ed nghi\u1ec7p th\u1ee7y l\u1ee3i, th\u1ee7y n\u00f4ng c\u1ee7a c\u00e1c huy\u1ec7n, th\u1ecb.<\/p>\n\n\n\n<p>N\u0103m 1992, C\u00f4ng ty \u0111\u1ed5i t\u00ean C\u00f4ng ty qu\u1ea3n l\u00fd khai th\u00e1c c\u00f4ng tr\u00ecnh th\u1ee7y l\u1ee3i theo Quy\u1ebft \u0111\u1ecbnh s\u1ed1 1025\/Q\u0110-UB ng\u00e0y 16\/12\/1992 c\u1ee7a \u1ee6y ban nh\u00e2n d\u00e2n t\u1ec9nh B\u1ebfn Tre v\u1ec1 vi\u1ec7c th\u00e0nh l\u1eadp Doanh nghi\u1ec7p nh\u00e0 n\u01b0\u1edbc.<\/p>\n\n\n\n<p>N\u0103m 1997, C\u00f4ng ty \u0111\u1ed5i t\u00ean C\u00f4ng ty x\u00e2y d\u1ef1ng v\u00e0 khai th\u00e1c c\u00f4ng tr\u00ecnh th\u1ee7y n\u00f4ng theo Quy\u1ebft \u0111\u1ecbnh s\u1ed1 541\/Q\u0110-UB ng\u00e0y 14\/4\/1997 c\u1ee7a \u1ee6y ban nh\u00e2n d\u00e2n t\u1ec9nh B\u1ebfn Tre v\u1ec1 vi\u1ec7c \u0111\u1ed5i t\u00ean Doanh nghi\u1ec7p.<\/p>\n\n\n\n<p>N\u0103m 2006, theo Quy\u1ebft \u0111\u1ecbnh s\u1ed1 2660\/Q\u0110-UBND; Quy\u1ebft \u0111\u1ecbnh s\u1ed1 2704\/Q\u0110-UBND ng\u00e0y 29\/12\/2006 c\u1ee7a \u1ee6y ban nh\u00e2n d\u00e2n t\u1ec9nh B\u1ebfn Tre v\u1ec1 vi\u1ec7c ph\u00ea duy\u1ec7t ph\u01b0\u01a1ng \u00e1n v\u00e0 chuy\u1ec3n C\u00f4ng ty X\u00e2y d\u1ef1ng v\u00e0 khai th\u00e1c c\u00f4ng tr\u00ecnh th\u1ee7y n\u00f4ng B\u1ebfn Tre th\u00e0nh C\u00f4ng ty tr\u00e1ch nhi\u1ec7m h\u1eefu h\u1ea1n m\u1ed9t th\u00e0nh vi\u00ean Khai th\u00e1c c\u00f4ng tr\u00ecnh th\u1ee7y l\u1ee3i B\u1ebfn Tre; Ban h\u00e0nh \u0110i\u1ec1u l\u1ec7 t\u1ed5 ch\u1ee9c v\u00e0 ho\u1ea1t \u0111\u1ed9ng c\u1ee7a C\u00f4ng ty.<\/p>\n\n\n\n<p>\u0110\u1ebfn n\u0103m 2016, \u0110i\u1ec1u l\u1ec7 t\u1ed5 ch\u1ee9c v\u00e0 ho\u1ea1t \u0111\u1ed9ng c\u1ee7a C\u00f4ng ty \u0111\u01b0\u1ee3c \u1ee6y ban nh\u00e2n d\u00e2n t\u1ec9nh B\u1ebfn Tre ban h\u00e0nh l\u1ea1i theo Quy\u1ebft \u0111\u1ecbnh s\u1ed1 465\/Q\u0110-UBND ng\u00e0y 04\/3\/2016.<\/p>\n\n\n\n<p>N\u0103m 2022, \u1ee6y ban nh\u00e2n d\u00e2n t\u1ec9nh ban h\u00e0nh Quy\u1ebft \u0111\u1ecbnh s\u1ed1 1107\/Q\u0110-UBND ng\u00e0y 31\/05\/2022 v\u1ec1 vi\u1ec7c ph\u00ea duy\u1ec7t \u0110i\u1ec1u l\u1ec7 T\u1ed5 ch\u1ee9c v\u00e0 ho\u1ea1t \u0111\u1ed9ng C\u00f4ng ty tr\u00e1ch nhi\u1ec7m h\u1eefu h\u1ea1n m\u1ed9t th\u00e0nh vi\u00ean Khai th\u00e1c c\u00f4ng tr\u00ecnh th\u1ee7y l\u1ee3i B\u1ebfn Tre, Quy\u1ebft \u0111\u1ecbnh n\u00e0y thay th\u1ebf Quy\u1ebft \u0111\u1ecbnh s\u1ed1 465\/Q\u0110-UBND ng\u00e0y 04\/3\/2016.<\/p>\n\n\n\n<p>Th\u00e1ng 7\/2025, th\u1ef1c hi\u1ec7n theo Ngh\u1ecb quy\u1ebft s\u1ed1 202\/2025\/NQ-UBTVQH15 ng\u00e0y 12\/6\/2025 c\u1ee7a \u1ee6y ban th\u01b0\u1eddng v\u1ee5 Qu\u1ed1c h\u1ed9i v\u1ec1 vi\u1ec7c s\u1eafp x\u1ebfp \u0111\u01a1n v\u1ecb h\u00e0nh ch\u00ednh c\u1ea5p t\u1ec9nh, \u1ee6y ban nh\u00e2n d\u00e2n t\u1ec9nh V\u0129nh Long (m\u1edbi) ban h\u00e0nh Quy\u1ebft \u0111\u1ecbnh s\u1ed1 962\/Q\u0110-UBND ng\u00e0y 25\/8\/2025 v\u1ec1 vi\u1ec7c k\u1ebf th\u1eeba to\u00e0n b\u1ed9 quy\u1ec1n v\u00e0 tr\u00e1ch nhi\u1ec7m c\u1ee7a c\u01a1 quan \u0111\u1ea1i di\u1ec7n ch\u1ee7 s\u1edf h\u1eefu \u0111\u1ed1i v\u1edbi doanh nghi\u1ec7p do Nh\u00e0 n\u01b0\u1edbc n\u1eafm gi\u1eef 100% v\u1ed1n \u0111i\u1ec1u l\u1ec7 v\u00e0 ph\u1ea7n v\u1ed1n nh\u00e0 n\u01b0\u1edbc \u0111\u1ea7u t\u01b0 t\u1ea1i c\u00f4ng ty c\u1ed5 ph\u1ea7n do \u1ee6y ban nh\u00e2n d\u00e2n t\u1ec9nh V\u0129nh Long, Tr\u00e0 Vinh, B\u1ebfn Tre (c\u0169) l\u00e0 c\u01a1 quan \u0111\u1ea1i di\u1ec7n ch\u1ee7 s\u1edf h\u1eefu. Theo \u0111\u00f3, C\u00f4ng ty TNHH M\u1ed9t th\u00e0nh vi\u00ean Khai th\u00e1c c\u00f4ng tr\u00ecnh Th\u1ee7y l\u1ee3i B\u1ebfn Tre ho\u1ea1t \u0111\u1ed9ng theo Lu\u1eadt doanh nghi\u1ec7p v\u00e0 \u0110i\u1ec1u l\u1ec7 C\u00f4ng ty, Ch\u1ee7 s\u1edf h\u1eefu C\u00f4ng ty l\u00e0 UBND t\u1ec9nh V\u0129nh Long.<\/p>\n\n\n\n<p><b>2. T\u00ean Ch\u1ee7 s\u1edf h\u1eefu C\u00f4ng ty: \u1ee6Y BAN NH\u00c2N D\u00c2N T\u1ec8NH V\u0128NH LONG<\/b>.<\/p>\n\n\n\n<p>&#8211; \u0110\u1ecba ch\u1ec9: S\u1ed1 88, \u0111\u01b0\u1eddng V\u00f5 V\u0103n Ki\u1ec7t, ph\u01b0\u1eddng Long Ch\u00e2u, t\u1ec9nh V\u0129nh Long.<\/p>\n\n\n\n<p><b>3. T\u00ean C\u00f4ng ty &nbsp;tr\u1ee5 s\u1edf ch\u00ednh v\u00e0 c\u00e1c th\u00f4ng tin:<\/b><\/p>\n\n\n\n<p>&#8211; T\u00ean C\u00f4ng ty:&nbsp;<strong>C\u00d4NG TY TNHH M\u1ed8T TH\u00c0NH VI\u00caN KHAI TH\u00c1C C\u00d4NG TR\u00ccNH TH\u1ee6Y L\u1ee2I B\u1ebeN TRE<\/strong>.<\/p>\n\n\n\n<p>&#8211; Tr\u1ee5 s\u1edf ch\u00ednh: S\u1ed1 26B, \u0111\u01b0\u1eddng 3 th\u00e1ng 2, ph\u01b0\u1eddng An H\u1ed9i, t\u1ec9nh V\u0129nh Long.<\/p>\n\n\n\n<p>&#8211; M\u00e3 s\u1ed1 doanh nghi\u1ec7p: 1300100790<\/p>\n\n\n\n<p>&#8211; Website:&nbsp; <a href=\"http:\/\/ctythuyloibentre.com\/\">http:\/\/ctythuyloibentre.com<\/a><\/p>\n\n\n\n<p>&#8211; Email: ctythuyloibentre@gmail.com<\/p>\n\n\n\n<p>&#8211; \u0110i\u1ec7n tho\u1ea1i: 0275 382 9146<\/p>\n\n\n\n<p><b>4. M\u00f4 h\u00ecnh t\u1ed5 ch\u1ee9c qu\u1ea3n l\u00fd v\u00e0 ho\u1ea1t \u0111\u1ed9ng \u0111o\u00e0n th\u1ec3 C\u00f4ng ty<\/b><\/p>\n\n\n\n<p><b>4.1. M\u00f4 h\u00ecnh:<\/b> Ch\u1ee7 t\u1ecbch C\u00f4ng ty, Gi\u00e1m \u0111\u1ed1c v\u00e0 Ki\u1ec3m so\u00e1t vi\u00ean.<\/p>\n\n\n\n<p><b>4.2. &nbsp;Qu\u1ea3n l\u00fd C\u00f4ng ty:<\/b><\/p>\n\n\n\n<p>4.2.1. Ng\u01b0\u1eddi qu\u1ea3n l\u00fd:<\/p>\n\n\n\n<p>&#8211; Ch\u1ee7 t\u1ecbch ki\u00eam Gi\u00e1m \u0111\u1ed1c.<\/p>\n\n\n\n<p>&#8211; Ph\u00f3 Gi\u00e1m \u0111\u1ed1c.<\/p>\n\n\n\n<p>&#8211; K\u1ebf to\u00e1n tr\u01b0\u1edfng.<\/p>\n\n\n\n<p>&#8211; Ki\u1ec3m so\u00e1t vi\u00ean kh\u00f4ng chuy\u00ean tr\u00e1ch.<\/p>\n\n\n\n<p>4.2.2. C\u00e1c ph\u00f2ng nghi\u1ec7p v\u1ee5 g\u1ed3m:<\/p>\n\n\n\n<p>&#8211; Ph\u00f2ng K\u1ebf Ho\u1ea1ch&nbsp; \u2013 T\u1ed5 ch\u1ee9c, H\u00e0nh ch\u00ednh.<\/p>\n\n\n\n<p>&#8211; Ph\u00f2ng T\u00e0i ch\u00ednh &#8211; K\u1ebf to\u00e1n.<\/p>\n\n\n\n<p>&#8211; Ph\u00f2ng K\u1ef9 thu\u1eadt.<\/p>\n\n\n\n<p>4.2.3. C\u00e1c Chi nh\u00e1nh tr\u1ef1c thu\u1ed9c g\u1ed3m:<\/p>\n\n\n\n<p>&#8211; CHI NH\u00c1NH 1 &#8211; C\u00d4NG TY TNHH MTV KHAI TH\u00c1C C\u00d4NG TR\u00ccNH TH\u1ee6Y L\u1ee2I B\u1ebeN TRE<\/p>\n\n\n\n<p>\u0110i\u1ec7n tho\u1ea1i: 0275.3861014<\/p>\n\n\n\n<p>&#8211; CHI NH\u00c1NH 2 &#8211; C\u00d4NG TY TNHH MTV KHAI TH\u00c1C C\u00d4NG TR\u00ccNH TH\u1ee6Y L\u1ee2I B\u1ebeN TRE<\/p>\n\n\n\n<p>\u0110i\u1ec7n tho\u1ea1i: 0275.3843387<\/p>\n\n\n\n<p>&#8211; CHI NH\u00c1NH 3 &#8211; C\u00d4NG TY TNHH MTV KHAI TH\u00c1C C\u00d4NG TR\u00ccNH TH\u1ee6Y L\u1ee2I B\u1ebeN TRE<\/p>\n\n\n\n<p>\u0110i\u1ec7n tho\u1ea1i : 0275.3824950<\/p>\n\n\n\n<p><b>4.3. \u0110o\u00e0n th\u1ec3:<\/b><\/p>\n\n\n\n<p>4.3.1. &nbsp;Chi b\u1ed9 C\u00f4ng ty TNHH M\u1ed9t th\u00e0nh vi\u00ean Khai th\u00e1c c\u00f4ng tr\u00ecnh Th\u1ee7y l\u1ee3i B\u1ebfn Tre tr\u1ef1c thu\u1ed9c \u0110\u1ea3ng \u1ee7y UBND t\u1ec9nh V\u0129nh Long.<\/p>\n\n\n\n<p>&#8211; Chi \u1ee7y g\u1ed3m 07 \u0111\u1ed3ng ch\u00ed v\u00e0 05 t\u1ed5 \u0111\u1ea3ng.<\/p>\n\n\n\n<p>4.3.2. &nbsp;C\u00f4ng \u0111o\u00e0n C\u00f4ng ty TNHH M\u1ed9t th\u00e0nh vi\u00ean Khai th\u00e1c c\u00f4ng tr\u00ecnh Th\u1ee7y l\u1ee3i B\u1ebfn Tre tr\u1ef1c thu\u1ed9c Li\u00ean \u0111o\u00e0n Lao \u0111\u1ed9ng t\u1ec9nh V\u0129nh Long.<\/p>\n\n\n\n<p>&#8211; Ban Ch\u1ea5p h\u00e0nh C\u00f4ng \u0111o\u00e0n g\u1ed3m 05 \u0111\u1ed3ng ch\u00ed v\u00e0 04 t\u1ed5 c\u00f4ng \u0111o\u00e0n.<\/p>\n\n\n\n<p><b>II. Ch\u1ee9c n\u0103ng, nhi\u1ec7m v\u1ee5, ng\u00e0nh ngh\u1ec1 kinh doanh<\/b><\/p>\n\n\n\n<p>&#8211; Qu\u1ea3n l\u00fd khai th\u00e1c, c\u1ea3i t\u1ea1o, s\u1eeda ch\u1eefa n\u00e2ng c\u1ea5p c\u00e1c h\u1ec7 th\u1ed1ng c\u00f4ng tr\u00ecnh th\u1ee7y l\u1ee3i trong t\u1ec9nh, t\u1ed5 ch\u1ee9c th\u1ef1c hi\u1ec7n c\u00e1c ch\u1ec9 ti\u00eau k\u1ebf ho\u1ea1ch do \u0111\u1ea1i di\u1ec7n Ch\u1ee7 s\u1edf h\u1eefu C\u00f4ng ty ph\u00e2n giao h\u00e0ng n\u0103m \u0111\u1ea3m b\u1ea3o y\u00eau c\u1ea7u ph\u1ee5c v\u1ee5 s\u1ea3n xu\u1ea5t n\u00f4ng nghi\u1ec7p, c\u00f4ng nghi\u1ec7p, ti\u1ec3u th\u1ee7 c\u00f4ng nghi\u1ec7p, trang tr\u1ea1i, nu\u00f4i tr\u1ed3ng th\u1ee7y s\u1ea3n v\u00e0 d\u00e2n sinh kinh t\u1ebf.<\/p>\n\n\n\n<p>&#8211; L\u1eadp d\u1ef1 \u00e1n \u0111\u1ea7u t\u01b0, t\u01b0 v\u1ea5n thi\u1ebft k\u1ebf c\u00e1c c\u00f4ng tr\u00ecnh th\u1ee7y l\u1ee3i v\u00e0 x\u00e2y d\u1ef1ng nh\u00f3m B,C. T\u01b0 v\u1ea5n gi\u00e1m s\u00e1t c\u00f4ng tr\u00ecnh th\u1ee7y l\u1ee3i v\u00e0 x\u00e2y d\u1ef1ng d\u00e2n d\u1ee5ng nh\u00f3m B,C, c\u00f4ng tr\u00ecnh giao th\u00f4ng n\u00f4ng th\u00f4n nh\u00f3m C.<\/p>\n\n\n\n<p><b>III. V\u1ed1n \u0111i\u1ec1u l\u1ec7:<\/b><\/p>\n\n\n\n<p>&#8211; C\u0103n c\u1ee9 Quy\u1ebft \u0111\u1ecbnh s\u1ed1&nbsp;1107\/Q\u0110-UBND ng\u00e0y 31\/05\/2022 c\u1ee7a \u1ee6y ban nh\u00e2n d\u00e2n t\u1ec9nh B\u1ebfn Tre v\u1ec1 vi\u1ec7c ph\u00ea duy\u1ec7t \u0110i\u1ec1u l\u1ec7 T\u1ed5 ch\u1ee9c v\u00e0 Ho\u1ea1t \u0111\u1ed9ng C\u00f4ng ty TNHH MTV Khai th\u00e1c c\u00f4ng tr\u00ecnh th\u1ee7y l\u1ee3i B\u1ebfn Tre.<\/p>\n\n\n\n<p>&#8211; M\u1ee9c v\u1ed1n \u0111i\u1ec1u l\u1ec7: 776.628.086.000 \u0111\u1ed3ng <em>(B\u1ea3y tr\u0103m b\u1ea3y m\u01b0\u01a1i s\u00e1u t\u1ef7, s\u00e1u tr\u0103m hai m\u01b0\u01a1i t\u00e1m tri\u1ec7u, kh\u00f4ng tr\u0103m t\u00e1m m\u01b0\u01a1i s\u00e1u ng\u00e0n)<\/em>.<\/p>\n<\/div>\n","protected":false},"excerpt":{"rendered":"<p>Tr\u1ee5 s\u1edf C\u00f4ng ty TNHH MTV Khai th\u00e1c c\u00f4ng tr\u00ecnh th\u1ee7y l\u1ee3i B\u1ebfn Tre Gi\u1edbi thi\u1ec7u chung I. Kh\u00e1i qu\u00e1t [&hellip;]<\/p>\n","protected":false},"author":1,"featured_media":46,"parent":0,"menu_order":0,"comment_status":"open","ping_status":"closed","template":"","meta":{"site-sidebar-layout":"default","site-content-layout":"","ast-site-content-layout":"default","site-content-style":"default","site-sidebar-style":"default","ast-global-header-display":"","ast-banner-title-visibility":"","ast-main-header-display":"","ast-hfb-above-header-display":"","ast-hfb-below-header-display":"","ast-hfb-mobile-header-display":"","site-post-title":"","ast-breadcrumbs-content":"","ast-featured-img":"","footer-sml-layout":"","ast-disable-related-posts":"","theme-transparent-header-meta":"","adv-header-id-meta":"","stick-header-meta":"","header-above-stick-meta":"","header-main-stick-meta":"","header-below-stick-meta":"","astra-migrate-meta-layouts":"default","ast-page-background-enabled":"default","ast-page-background-meta":{"desktop":{"background-color":"var(--ast-global-color-4)","background-image":"","background-repeat":"repeat","background-position":"center center","background-size":"auto","background-attachment":"scroll","background-type":"","background-media":"","overlay-type":"","overlay-color":"","overlay-opacity":"","overlay-gradient":""},"tablet":{"background-color":"","background-image":"","background-repeat":"repeat","background-position":"center center","background-size":"auto","background-attachment":"scroll","background-type":"","background-media":"","overlay-type":"","overlay-color":"","overlay-opacity":"","overlay-gradient":""},"mobile":{"background-color":"","background-image":"","background-repeat":"repeat","background-position":"center center","background-size":"auto","background-attachment":"scroll","background-type":"","background-media":"","overlay-type":"","overlay-color":"","overlay-opacity":"","overlay-gradient":""}},"ast-content-background-meta":{"desktop":{"background-color":"var(--ast-global-color-5)","background-image":"","background-repeat":"repeat","background-position":"center center","background-size":"auto","background-attachment":"scroll","background-type":"","background-media":"","overlay-type":"","overlay-color":"","overlay-opacity":"","overlay-gradient":""},"tablet":{"background-color":"var(--ast-global-color-5)","background-image":"","background-repeat":"repeat","background-position":"center center","background-size":"auto","background-attachment":"scroll","background-type":"","background-media":"","overlay-type":"","overlay-color":"","overlay-opacity":"","overlay-gradient":""},"mobile":{"background-color":"var(--ast-global-color-5)","background-image":"","background-repeat":"repeat","background-position":"center center","background-size":"auto","background-attachment":"scroll","background-type":"","background-media":"","overlay-type":"","overlay-color":"","overlay-opacity":"","overlay-gradient":""}},"footnotes":""},"class_list":["post-2","page","type-page","status-publish","has-post-thumbnail","hentry"],"_links":{"self":[{"href":"http:\/\/ctythuyloibentre.com\/index.php?rest_route=\/wp\/v2\/pages\/2","targetHints":{"allow":["GET"]}}],"collection":[{"href":"http:\/\/ctythuyloibentre.com\/index.php?rest_route=\/wp\/v2\/pages"}],"about":[{"href":"http:\/\/ctythuyloibentre.com\/index.php?rest_route=\/wp\/v2\/types\/page"}],"author":[{"embeddable":true,"href":"http:\/\/ctythuyloibentre.com\/index.php?rest_route=\/wp\/v2\/users\/1"}],"replies":[{"embeddable":true,"href":"http:\/\/ctythuyloibentre.com\/index.php?rest_route=%2Fwp%2Fv2%2Fcomments&post=2"}],"version-history":[{"count":68,"href":"http:\/\/ctythuyloibentre.com\/index.php?rest_route=\/wp\/v2\/pages\/2\/revisions"}],"predecessor-version":[{"id":3314,"href":"http:\/\/ctythuyloibentre.com\/index.php?rest_route=\/wp\/v2\/pages\/2\/revisions\/3314"}],"wp:featuredmedia":[{"embeddable":true,"href":"http:\/\/ctythuyloibentre.com\/index.php?rest_route=\/wp\/v2\/media\/46"}],"wp:attachment":[{"href":"http:\/\/ctythuyloibentre.com\/index.php?rest_route=%2Fwp%2Fv2%2Fmedia&parent=2"}],"curies":[{"name":"wp","href":"https:\/\/api.w.org\/{rel}","templated":true}]}}